{"id":14430,"date":"2023-05-08T17:03:38","date_gmt":"2023-05-08T15:03:38","guid":{"rendered":"https:\/\/connectivepartners.pro\/?page_id=14430"},"modified":"2023-05-09T14:31:46","modified_gmt":"2023-05-09T12:31:46","slug":"cookie-policy","status":"publish","type":"page","link":"https:\/\/connectivepartners.pro\/de\/cookie-policy\/","title":{"rendered":"Cookie-Richtlinie"},"content":{"rendered":"<div data-elementor-type=\"wp-page\" data-elementor-id=\"14430\" class=\"elementor elementor-14430\" data-elementor-post-type=\"page\">\n\t\t\t\t\t\t<section class=\"elementor-section elementor-top-section elementor-element elementor-element-8b45a96 elementor-section-boxed elementor-section-height-default elementor-section-height-default\" data-id=\"8b45a96\" data-element_type=\"section\" data-e-type=\"section\">\n\t\t\t\t\t\t<div class=\"elementor-container elementor-column-gap-default\">\n\t\t\t\t\t<div class=\"elementor-column elementor-col-100 elementor-top-column elementor-element elementor-element-1f2164ae\" data-id=\"1f2164ae\" data-element_type=\"column\" data-e-type=\"column\">\n\t\t\t<div class=\"elementor-widget-wrap elementor-element-populated\">\n\t\t\t\t\t\t<div class=\"elementor-element elementor-element-2a07db66 elementor-widget elementor-widget-text-editor\" data-id=\"2a07db66\" data-element_type=\"widget\" data-e-type=\"widget\" data-widget_type=\"text-editor.default\">\n\t\t\t\t<div class=\"elementor-widget-container\">\n\t\t\t\t\t\t\t\t\t\n<p><strong>Zuletzt aktualisiert: Mai 8, 2023<\/strong><\/p>\n\n\n\n<p>Diese Cookie-Richtlinie erkl\u00e4rt, wie Connective Partners B.V. (\"Unternehmen\", \"wir\", \"uns\" oder \"unser\") Cookies und \u00e4hnliche Technologien auf unserer Website und den damit verbundenen Diensten (zusammenfassend die \"Dienste\") verwendet. Indem du unsere Dienste nutzt, erkl\u00e4rst du dich damit einverstanden, dass wir Cookies wie in dieser Richtlinie beschrieben verwenden.<\/p>\n\n\n\n<h2 class=\"wp-block-heading\">Was sind Cookies?<\/h2>\n\n\n\n<p>Cookies sind kleine Textdateien, die auf deinem Computer oder Mobilger\u00e4t gespeichert werden, wenn du eine Website besuchst. Sie helfen Websites, sich an deine Vorlieben, Anmeldedaten und andere Informationen zu erinnern, um dein Surferlebnis und die Funktionalit\u00e4t der Website zu verbessern. Cookies k\u00f6nnen \"dauerhaft\" (gespeichert, bis sie ablaufen oder vom Nutzer gel\u00f6scht werden) oder \"sitzungsbezogen\" (gel\u00f6scht, wenn der Browser geschlossen wird) sein.<\/p>\n\n\n\n<h2 class=\"wp-block-heading\">Wie wir Cookies verwenden<\/h2>\n\n\n\n<p>Wir verwenden Cookies f\u00fcr verschiedene Zwecke, unter anderem:<\/p>\n\n\n\n<ol class=\"wp-block-list\">\n<li>Wesentliche Cookies: Diese Cookies sind f\u00fcr das ordnungsgem\u00e4\u00dfe Funktionieren unserer Dienste notwendig und erm\u00f6glichen es dir, zu navigieren und ihre Funktionen zu nutzen. Ohne diese Cookies funktionieren bestimmte Teile unserer Dienste m\u00f6glicherweise nicht richtig.<\/li>\n\n\n\n<li>Leistungs- und Analyse-Cookies: Diese Cookies helfen uns zu verstehen, wie Nutzer\/innen mit unseren Diensten interagieren, indem sie Informationen anonym sammeln und melden. Wir k\u00f6nnen Analysetools von Drittanbietern wie Google Analytics verwenden, um diese Informationen zu sammeln.<\/li>\n\n\n\n<li>Funktionalit\u00e4ts-Cookies: Diese Cookies erm\u00f6glichen es unseren Diensten, sich an deine Vorlieben zu erinnern, z. B. an deine Spracheinstellungen oder deine Anmeldedaten, um dir ein personalisiertes und bequemeres Erlebnis zu bieten.<\/li>\n\n\n\n<li>Werbe- und Targeting-Cookies: Diese Cookies werden verwendet, um den Nutzern auf der Grundlage ihres Surfverhaltens und ihrer Interessen relevante und ma\u00dfgeschneiderte Werbung zu liefern. Sie k\u00f6nnen auch verwendet werden, um die Anzahl der Werbeeinblendungen zu begrenzen und die Wirksamkeit von Werbekampagnen zu messen.<\/li>\n<\/ol>\n\n\n\n<h2 class=\"wp-block-heading\">Cookies von Dritten<\/h2>\n\n\n\n<p>Zus\u00e4tzlich zu unseren eigenen Cookies k\u00f6nnen wir auch verschiedene Cookies von Dritten verwenden, um Nutzungsstatistiken zu erstellen, Werbung auszuliefern und zus\u00e4tzliche Funktionen bereitzustellen. Wir haben keine direkte Kontrolle \u00fcber diese Drittanbieter-Cookies und ihre Verwendung unterliegt den Datenschutz- und Cookie-Richtlinien der jeweiligen Drittanbieter.<\/p>\n\n\n\n<h2 class=\"wp-block-heading\">Verwalten deiner Cookie-Einstellungen<\/h2>\n\n\n\n<p>Du kannst deine Cookie-Pr\u00e4ferenzen verwalten, indem du deine Browsereinstellungen anpasst. Die meisten Browser erlauben es dir, Cookies zu blockieren oder zu l\u00f6schen, aber das kann dein Surferlebnis und die Funktionalit\u00e4t unserer Dienste beeintr\u00e4chtigen. Weitere Informationen zur Verwaltung von Cookies in deinem Browser findest du in der Hilfedokumentation des jeweiligen Browsers oder unter <a rel=\"noreferrer noopener\" href=\"http:\/\/www.aboutcookies.org\/\" target=\"_blank\">aboutcookies.org<\/a> zur allgemeinen Orientierung.<\/p>\n\n\n\n<h2 class=\"wp-block-heading\">\u00c4nderungen an dieser Cookie-Richtlinie<\/h2>\n\n\n\n<p>Wir k\u00f6nnen diese Cookie-Richtlinie von Zeit zu Zeit aktualisieren. Wir werden dich \u00fcber alle \u00c4nderungen informieren, indem wir die neue Richtlinie auf dieser Seite ver\u00f6ffentlichen. Wenn du die Dienste nach dem Datum des Inkrafttretens der \u00fcberarbeiteten Cookie-Richtlinie weiter nutzt, erkl\u00e4rst du dich mit den \u00c4nderungen einverstanden.<\/p>\n\n\n\n<h2 class=\"wp-block-heading\">Kontakt<\/h2>\n\n\n\n<p>Wenn du Fragen oder Bedenken bez\u00fcglich dieser Cookie-Richtlinie hast, kontaktiere uns bitte unter <a href=\"mailto:legal@connectivepartners.pro\">legal@connectivepartners.pro<\/a>.<\/p>\n\t\t\t\t\t\t\t\t<\/div>\n\t\t\t\t<\/div>\n\t\t\t\t\t<\/div>\n\t\t<\/div>\n\t\t\t\t\t<\/div>\n\t\t<\/section>\n\t\t<div class=\"elementor-element elementor-element-f280f6d e-flex e-con-boxed e-con e-parent\" data-id=\"f280f6d\" data-element_type=\"container\" data-e-type=\"container\">\n\t\t\t\t\t<div class=\"e-con-inner\">\n\t\t\t\t<div class=\"elementor-element elementor-element-e58af92 elementor-widget__width-inherit elementor-icon-list--layout-traditional elementor-list-item-link-full_width elementor-widget elementor-widget-global elementor-global-14466 elementor-widget-icon-list\" data-id=\"e58af92\" data-element_type=\"widget\" data-e-type=\"widget\" data-widget_type=\"icon-list.default\">\n\t\t\t\t<div class=\"elementor-widget-container\">\n\t\t\t\t\t\t\t<ul class=\"elementor-icon-list-items\">\n\t\t\t\t\t\t\t<li class=\"elementor-icon-list-item\">\n\t\t\t\t\t\t\t\t\t\t\t<a href=\"https:\/\/connectivepartners.pro\/de\/cookie-policy\/\">\n\n\t\t\t\t\t\t\t\t\t\t\t\t<span class=\"elementor-icon-list-icon\">\n\t\t\t\t\t\t\t<svg aria-hidden=\"true\" class=\"e-font-icon-svg e-far-file-alt\" viewbox=\"0 0 384 512\" xmlns=\"http:\/\/www.w3.org\/2000\/svg\"><path d=\"M288 248v28c0 6.6-5.4 12-12 12H108c-6.6 0-12-5.4-12-12v-28c0-6.6 5.4-12 12-12h168c6.6 0 12 5.4 12 12zm-12 72H108c-6.6 0-12 5.4-12 12v28c0 6.6 5.4 12 12 12h168c6.6 0 12-5.4 12-12v-28c0-6.6-5.4-12-12-12zm108-188.1V464c0 26.5-21.5 48-48 48H48c-26.5 0-48-21.5-48-48V48C0 21.5 21.5 0 48 0h204.1C264.8 0 277 5.1 286 14.1L369.9 98c9 8.9 14.1 21.2 14.1 33.9zm-128-80V128h76.1L256 51.9zM336 464V176H232c-13.3 0-24-10.7-24-24V48H48v416h288z\"><\/path><\/svg>\t\t\t\t\t\t<\/span>\n\t\t\t\t\t\t\t\t\t\t<span class=\"elementor-icon-list-text\">Lies unsere Cookie-Richtlinie<\/span>\n\t\t\t\t\t\t\t\t\t\t\t<\/a>\n\t\t\t\t\t\t\t\t\t<\/li>\n\t\t\t\t\t\t\t\t<li class=\"elementor-icon-list-item\">\n\t\t\t\t\t\t\t\t\t\t\t<a href=\"https:\/\/connectivepartners.pro\/de\/privacy-policy\/\">\n\n\t\t\t\t\t\t\t\t\t\t\t\t<span class=\"elementor-icon-list-icon\">\n\t\t\t\t\t\t\t<svg aria-hidden=\"true\" class=\"e-font-icon-svg e-far-file-alt\" viewbox=\"0 0 384 512\" xmlns=\"http:\/\/www.w3.org\/2000\/svg\"><path d=\"M288 248v28c0 6.6-5.4 12-12 12H108c-6.6 0-12-5.4-12-12v-28c0-6.6 5.4-12 12-12h168c6.6 0 12 5.4 12 12zm-12 72H108c-6.6 0-12 5.4-12 12v28c0 6.6 5.4 12 12 12h168c6.6 0 12-5.4 12-12v-28c0-6.6-5.4-12-12-12zm108-188.1V464c0 26.5-21.5 48-48 48H48c-26.5 0-48-21.5-48-48V48C0 21.5 21.5 0 48 0h204.1C264.8 0 277 5.1 286 14.1L369.9 98c9 8.9 14.1 21.2 14.1 33.9zm-128-80V128h76.1L256 51.9zM336 464V176H232c-13.3 0-24-10.7-24-24V48H48v416h288z\"><\/path><\/svg>\t\t\t\t\t\t<\/span>\n\t\t\t\t\t\t\t\t\t\t<span class=\"elementor-icon-list-text\">Lies unsere Datenschutzrichtlinie<\/span>\n\t\t\t\t\t\t\t\t\t\t\t<\/a>\n\t\t\t\t\t\t\t\t\t<\/li>\n\t\t\t\t\t\t\t\t<li class=\"elementor-icon-list-item\">\n\t\t\t\t\t\t\t\t\t\t\t<a href=\"https:\/\/connectivepartners.pro\/de\/terms-and-conditions\/\">\n\n\t\t\t\t\t\t\t\t\t\t\t\t<span class=\"elementor-icon-list-icon\">\n\t\t\t\t\t\t\t<svg aria-hidden=\"true\" class=\"e-font-icon-svg e-far-file-alt\" viewbox=\"0 0 384 512\" xmlns=\"http:\/\/www.w3.org\/2000\/svg\"><path d=\"M288 248v28c0 6.6-5.4 12-12 12H108c-6.6 0-12-5.4-12-12v-28c0-6.6 5.4-12 12-12h168c6.6 0 12 5.4 12 12zm-12 72H108c-6.6 0-12 5.4-12 12v28c0 6.6 5.4 12 12 12h168c6.6 0 12-5.4 12-12v-28c0-6.6-5.4-12-12-12zm108-188.1V464c0 26.5-21.5 48-48 48H48c-26.5 0-48-21.5-48-48V48C0 21.5 21.5 0 48 0h204.1C264.8 0 277 5.1 286 14.1L369.9 98c9 8.9 14.1 21.2 14.1 33.9zm-128-80V128h76.1L256 51.9zM336 464V176H232c-13.3 0-24-10.7-24-24V48H48v416h288z\"><\/path><\/svg>\t\t\t\t\t\t<\/span>\n\t\t\t\t\t\t\t\t\t\t<span class=\"elementor-icon-list-text\">Lies unsere Bedingungen und Konditionen<\/span>\n\t\t\t\t\t\t\t\t\t\t\t<\/a>\n\t\t\t\t\t\t\t\t\t<\/li>\n\t\t\t\t\t\t\t\t<li class=\"elementor-icon-list-item\">\n\t\t\t\t\t\t\t\t\t\t\t<a href=\"mailto:legal@connectivepartners.pro\">\n\n\t\t\t\t\t\t\t\t\t\t\t\t<span class=\"elementor-icon-list-icon\">\n\t\t\t\t\t\t\t<svg aria-hidden=\"true\" class=\"e-font-icon-svg e-fas-at\" viewbox=\"0 0 512 512\" xmlns=\"http:\/\/www.w3.org\/2000\/svg\"><path d=\"M256 8C118.941 8 8 118.919 8 256c0 137.059 110.919 248 248 248 48.154 0 95.342-14.14 135.408-40.223 12.005-7.815 14.625-24.288 5.552-35.372l-10.177-12.433c-7.671-9.371-21.179-11.667-31.373-5.129C325.92 429.757 291.314 440 256 440c-101.458 0-184-82.542-184-184S154.542 72 256 72c100.139 0 184 57.619 184 160 0 38.786-21.093 79.742-58.17 83.693-17.349-.454-16.91-12.857-13.476-30.024l23.433-121.11C394.653 149.75 383.308 136 368.225 136h-44.981a13.518 13.518 0 0 0-13.432 11.993l-.01.092c-14.697-17.901-40.448-21.775-59.971-21.775-74.58 0-137.831 62.234-137.831 151.46 0 65.303 36.785 105.87 96 105.87 26.984 0 57.369-15.637 74.991-38.333 9.522 34.104 40.613 34.103 70.71 34.103C462.609 379.41 504 307.798 504 232 504 95.653 394.023 8 256 8zm-21.68 304.43c-22.249 0-36.07-15.623-36.07-40.771 0-44.993 30.779-72.729 58.63-72.729 22.292 0 35.601 15.241 35.601 40.77 0 45.061-33.875 72.73-58.161 72.73z\"><\/path><\/svg>\t\t\t\t\t\t<\/span>\n\t\t\t\t\t\t\t\t\t\t<span class=\"elementor-icon-list-text\">E-Mail Rechtsabteilung<\/span>\n\t\t\t\t\t\t\t\t\t\t\t<\/a>\n\t\t\t\t\t\t\t\t\t<\/li>\n\t\t\t\t\t\t<\/ul>\n\t\t\t\t\t\t<\/div>\n\t\t\t\t<\/div>\n\t\t\t\t\t<\/div>\n\t\t\t\t<\/div>\n\t\t\t\t<\/div>","protected":false},"excerpt":{"rendered":"<p>Last Updated: May 8, 2023 This Cookie Policy explains how Connective Partners B.V. (&#8220;Company&#8221;, &#8220;we&#8221;, &#8220;us&#8221;, or &#8220;our&#8221;) uses cookies and similar technologies on our website and associated services (collectively, the &#8220;Services&#8221;). By using our Services, you acknowledge and agree to our use of cookies as described in this policy. What are cookies? Cookies are [&hellip;]<\/p>\n","protected":false},"author":1,"featured_media":14439,"parent":0,"menu_order":0,"comment_status":"closed","ping_status":"closed","template":"","meta":{"footnotes":""},"class_list":["post-14430","page","type-page","status-publish","has-post-thumbnail","hentry"],"_links":{"self":[{"href":"https:\/\/connectivepartners.pro\/de\/wp-json\/wp\/v2\/pages\/14430","targetHints":{"allow":["GET"]}}],"collection":[{"href":"https:\/\/connectivepartners.pro\/de\/wp-json\/wp\/v2\/pages"}],"about":[{"href":"https:\/\/connectivepartners.pro\/de\/wp-json\/wp\/v2\/types\/page"}],"author":[{"embeddable":true,"href":"https:\/\/connectivepartners.pro\/de\/wp-json\/wp\/v2\/users\/1"}],"replies":[{"embeddable":true,"href":"https:\/\/connectivepartners.pro\/de\/wp-json\/wp\/v2\/comments?post=14430"}],"version-history":[{"count":0,"href":"https:\/\/connectivepartners.pro\/de\/wp-json\/wp\/v2\/pages\/14430\/revisions"}],"wp:featuredmedia":[{"embeddable":true,"href":"https:\/\/connectivepartners.pro\/de\/wp-json\/wp\/v2\/media\/14439"}],"wp:attachment":[{"href":"https:\/\/connectivepartners.pro\/de\/wp-json\/wp\/v2\/media?parent=14430"}],"curies":[{"name":"wp","href":"https:\/\/api.w.org\/{rel}","templated":true}]}}