{"id":7346,"date":"2021-06-17T20:23:34","date_gmt":"2021-06-17T18:23:34","guid":{"rendered":"https:\/\/connectivepartners.pro\/?page_id=7346"},"modified":"2022-10-04T18:34:21","modified_gmt":"2022-10-04T16:34:21","slug":"guidance","status":"publish","type":"page","link":"https:\/\/connectivepartners.pro\/de\/guidance\/","title":{"rendered":"Beratung"},"content":{"rendered":"\t\t<div data-elementor-type=\"wp-page\" data-elementor-id=\"7346\" class=\"elementor elementor-7346\" data-elementor-post-type=\"page\">\n\t\t\t\t<div class=\"elementor-element elementor-element-73a47ac e-flex e-con-boxed e-con e-parent\" data-id=\"73a47ac\" data-element_type=\"container\" data-e-type=\"container\">\n\t\t\t\t\t<div class=\"e-con-inner\">\n\t\t\t\t<div class=\"elementor-element elementor-element-6059d92 elementor-widget__width-inherit elementor-widget elementor-widget-heading\" data-id=\"6059d92\" data-element_type=\"widget\" data-e-type=\"widget\" data-widget_type=\"heading.default\">\n\t\t\t\t<div class=\"elementor-widget-container\">\n\t\t\t\t\t<h2 class=\"elementor-heading-title elementor-size-default\">This content will be provided soon. Let us help you personally in the meantime.<\/h2>\t\t\t\t<\/div>\n\t\t\t\t<\/div>\n\t\t\t\t<div class=\"elementor-element elementor-element-7df1395 elementor-widget elementor-widget-template\" data-id=\"7df1395\" data-element_type=\"widget\" data-e-type=\"widget\" data-widget_type=\"template.default\">\n\t\t\t\t<div class=\"elementor-widget-container\">\n\t\t\t\t\t\t\t<div class=\"elementor-template\">\n\t\t\t\t\t<div data-elementor-type=\"section\" data-elementor-id=\"8224\" class=\"elementor elementor-8224\" data-elementor-post-type=\"elementor_library\">\n\t\t\t<div class=\"elementor-element elementor-element-e5935c4 e-flex e-con-boxed e-con e-parent\" data-id=\"e5935c4\" data-element_type=\"container\" data-e-type=\"container\">\n\t\t\t\t\t<div class=\"e-con-inner\">\n\t\t<div class=\"elementor-element elementor-element-03e07ff e-con-full e-flex e-con e-child\" data-id=\"03e07ff\" data-element_type=\"container\" data-e-type=\"container\">\n\t\t\t\t<div class=\"elementor-element elementor-element-404650a elementor-position-left elementor-vertical-align-top elementor-widget elementor-widget-image-box\" data-id=\"404650a\" data-element_type=\"widget\" data-e-type=\"widget\" data-widget_type=\"image-box.default\">\n\t\t\t\t<div class=\"elementor-widget-container\">\n\t\t\t\t\t<div class=\"elementor-image-box-wrapper\"><figure class=\"elementor-image-box-img\"><a href=\"mailto:linda@connectivepartners.pro\" tabindex=\"-1\"><img fetchpriority=\"high\" decoding=\"async\" width=\"447\" height=\"447\" src=\"https:\/\/connectivepartners.pro\/wp-content\/uploads\/2019\/06\/linda-dorlandt.jpg\" class=\"attachment-full size-full wp-image-1007\" alt=\"\" srcset=\"https:\/\/connectivepartners.pro\/wp-content\/uploads\/2019\/06\/linda-dorlandt.jpg 447w, https:\/\/connectivepartners.pro\/wp-content\/uploads\/2019\/06\/elementor\/thumbs\/linda-dorlandt-p40skk93dpenxsiv6zvmwkm2ze5ulu77wn1r0cxuao.jpg 400w\" sizes=\"(max-width: 447px) 100vw, 447px\" \/><\/a><\/figure><div class=\"elementor-image-box-content\"><h2 class=\"elementor-image-box-title\"><a href=\"mailto:linda@connectivepartners.pro\">Linda Dorlandt<\/a><\/h2><p class=\"elementor-image-box-description\"><ul><li>Connective Team Coach<\/li>\n<li>Organization Guide<\/li>\n<li>Management Team Guide<\/li>\n<li>Career Coach<\/li><br \/><\/ul>\n<p>Telephone: <a href=\"tel:0031640762079\">+31 6 407 620 79<\/a><\/p><\/p><\/div><\/div>\t\t\t\t<\/div>\n\t\t\t\t<\/div>\n\t\t\t\t<div class=\"elementor-element elementor-element-920a1cb elementor-position-left elementor-vertical-align-top elementor-widget elementor-widget-image-box\" data-id=\"920a1cb\" data-element_type=\"widget\" data-e-type=\"widget\" data-widget_type=\"image-box.default\">\n\t\t\t\t<div class=\"elementor-widget-container\">\n\t\t\t\t\t<div class=\"elementor-image-box-wrapper\"><figure class=\"elementor-image-box-img\"><a href=\"mailto:remi-armand@connectivepartners.pro\" tabindex=\"-1\"><img decoding=\"async\" width=\"375\" height=\"375\" src=\"https:\/\/connectivepartners.pro\/wp-content\/uploads\/2019\/06\/remi-armand-collaris.jpg\" class=\"attachment-full size-full wp-image-1006\" alt=\"\" srcset=\"https:\/\/connectivepartners.pro\/wp-content\/uploads\/2019\/06\/remi-armand-collaris.jpg 375w, https:\/\/connectivepartners.pro\/wp-content\/uploads\/2019\/06\/elementor\/thumbs\/remi-armand-collaris.jpg 400w\" sizes=\"(max-width: 375px) 100vw, 375px\" \/><\/a><\/figure><div class=\"elementor-image-box-content\"><h2 class=\"elementor-image-box-title\"><a href=\"mailto:remi-armand@connectivepartners.pro\">Remi-Armand Collaris<\/a><\/h2><p class=\"elementor-image-box-description\"><ul><li>Connective Team &amp; Agile Coach<\/li>\n<li>Organization Guide<\/li>\n<li data-no-translation>SAFe\u00ae Program Consultant<\/li>\n<li data-no-translation>LeSS\u00ae Practitioner<\/li><\/ul><br \/>\n<p>Telephone: <a href=\"tel:0031653191158\">+31 6 531 911 58<\/a><\/p><\/p><\/div><\/div>\t\t\t\t<\/div>\n\t\t\t\t<\/div>\n\t\t\t\t<\/div>\n\t\t<div class=\"elementor-element elementor-element-1dadf85 e-con-full e-flex e-con e-child\" data-id=\"1dadf85\" data-element_type=\"container\" data-e-type=\"container\">\n\t\t\t\t<div class=\"elementor-element elementor-element-b0d17b6 elementor-widget elementor-widget-heading\" data-id=\"b0d17b6\" data-element_type=\"widget\" data-e-type=\"widget\" data-widget_type=\"heading.default\">\n\t\t\t\t<div class=\"elementor-widget-container\">\n\t\t\t\t\t<h2 class=\"elementor-heading-title elementor-size-default\">Please leave a message<\/h2>\t\t\t\t<\/div>\n\t\t\t\t<\/div>\n\t\t\t\t<div class=\"elementor-element elementor-element-9adb6bf elementor-widget elementor-widget-heading\" data-id=\"9adb6bf\" data-element_type=\"widget\" data-e-type=\"widget\" data-widget_type=\"heading.default\">\n\t\t\t\t<div class=\"elementor-widget-container\">\n\t\t\t\t\t<div class=\"elementor-heading-title elementor-size-default\">We'll get back to you as soon as possible.<\/div>\t\t\t\t<\/div>\n\t\t\t\t<\/div>\n\t\t\t\t<div class=\"elementor-element elementor-element-5e1c938 elementor-button-align-start elementor-widget elementor-widget-form\" data-id=\"5e1c938\" data-element_type=\"widget\" data-e-type=\"widget\" data-settings=\"{&quot;step_next_label&quot;:&quot;Next&quot;,&quot;step_previous_label&quot;:&quot;Previous&quot;,&quot;button_width&quot;:&quot;100&quot;,&quot;step_type&quot;:&quot;number_text&quot;,&quot;step_icon_shape&quot;:&quot;circle&quot;}\" data-widget_type=\"form.default\">\n\t\t\t\t<div class=\"elementor-widget-container\">\n\t\t\t\t\t\t\t<form class=\"elementor-form\" method=\"post\" id=\"contactform\" name=\"Contact\" aria-label=\"Contact\">\n\t\t\t<input type=\"hidden\" name=\"post_id\" value=\"8224\"\/>\n\t\t\t<input type=\"hidden\" name=\"form_id\" value=\"5e1c938\"\/>\n\t\t\t<input type=\"hidden\" name=\"referer_title\" value=\"\" \/>\n\n\t\t\t\n\t\t\t<div class=\"elementor-form-fields-wrapper elementor-labels-\">\n\t\t\t\t\t\t\t\t<div class=\"elementor-field-type-hidden elementor-field-group elementor-column elementor-field-group-subject elementor-col-100\">\n\t\t\t\t\t\t\t\t\t\t\t\t\t<input size=\"1\" type=\"hidden\" name=\"form_fields[subject]\" id=\"form-field-subject\" class=\"elementor-field elementor-size-sm  elementor-field-textual\" value=\"Guidance\">\n\t\t\t\t\t\t\t\t\t\t\t<\/div>\n\t\t\t\t\t\t\t\t<div class=\"elementor-field-type-text elementor-field-group elementor-column elementor-field-group-name elementor-col-100 elementor-field-required\">\n\t\t\t\t\t\t\t\t\t\t\t\t<label for=\"form-field-name\" class=\"elementor-field-label elementor-screen-only\">\n\t\t\t\t\t\t\t\tName\t\t\t\t\t\t\t<\/label>\n\t\t\t\t\t\t\t\t\t\t\t\t\t\t<input size=\"1\" type=\"text\" name=\"form_fields[name]\" id=\"form-field-name\" class=\"elementor-field elementor-size-sm  elementor-field-textual\" placeholder=\"Name\" required=\"required\">\n\t\t\t\t\t\t\t\t\t\t\t<\/div>\n\t\t\t\t\t\t\t\t<div class=\"elementor-field-type-email elementor-field-group elementor-column elementor-field-group-email elementor-col-100 elementor-field-required\">\n\t\t\t\t\t\t\t\t\t\t\t\t<label for=\"form-field-email\" class=\"elementor-field-label elementor-screen-only\">\n\t\t\t\t\t\t\t\tEmail\t\t\t\t\t\t\t<\/label>\n\t\t\t\t\t\t\t\t\t\t\t\t\t\t<input size=\"1\" type=\"email\" name=\"form_fields[email]\" id=\"form-field-email\" class=\"elementor-field elementor-size-sm  elementor-field-textual\" placeholder=\"Email\" required=\"required\">\n\t\t\t\t\t\t\t\t\t\t\t<\/div>\n\t\t\t\t\t\t\t\t<div class=\"elementor-field-type-tel elementor-field-group elementor-column elementor-field-group-phone elementor-col-100\">\n\t\t\t\t\t\t\t\t\t\t\t\t<label for=\"form-field-phone\" class=\"elementor-field-label elementor-screen-only\">\n\t\t\t\t\t\t\t\tPhone\t\t\t\t\t\t\t<\/label>\n\t\t\t\t\t\t\t\t<input size=\"1\" type=\"tel\" name=\"form_fields[phone]\" id=\"form-field-phone\" class=\"elementor-field elementor-size-sm  elementor-field-textual\" placeholder=\"Phone (optional)\" pattern=\"[0-9()#&amp;+*-=.]+\" title=\"Nur Nummern oder Telefon-Zeichen (#, -, *, etc) werden akzeptiert.\">\n\n\t\t\t\t\t\t<\/div>\n\t\t\t\t\t\t\t\t<div class=\"elementor-field-type-textarea elementor-field-group elementor-column elementor-field-group-message elementor-col-100 elementor-field-required\">\n\t\t\t\t\t\t\t\t\t\t\t\t<label for=\"form-field-message\" class=\"elementor-field-label elementor-screen-only\">\n\t\t\t\t\t\t\t\tMessage\t\t\t\t\t\t\t<\/label>\n\t\t\t\t\t\t<textarea class=\"elementor-field-textual elementor-field  elementor-size-sm\" name=\"form_fields[message]\" id=\"form-field-message\" rows=\"4\" placeholder=\"What difference can we make for you?\" required=\"required\"><\/textarea>\t\t\t\t<\/div>\n\t\t\t\t\t\t\t\t<div class=\"elementor-field-type-text\">\n\t\t\t\t\t<input size=\"1\" type=\"text\" name=\"form_fields[honey]\" id=\"form-field-honey\" class=\"elementor-field elementor-size-sm \" style=\"display:none !important;\">\t\t\t\t<\/div>\n\t\t\t\t\t\t\t\t<div class=\"elementor-field-group elementor-column elementor-field-type-submit elementor-col-100 e-form__buttons\">\n\t\t\t\t\t<button class=\"elementor-button elementor-size-sm\" type=\"submit\">\n\t\t\t\t\t\t<span class=\"elementor-button-content-wrapper\">\n\t\t\t\t\t\t\t\t\t\t\t\t\t\t\t\t\t\t\t\t\t\t<span class=\"elementor-button-text\">Send<\/span>\n\t\t\t\t\t\t\t\t\t\t\t\t\t<\/span>\n\t\t\t\t\t<\/button>\n\t\t\t\t<\/div>\n\t\t\t<\/div>\n\t\t<\/form>\n\t\t\t\t\t\t<\/div>\n\t\t\t\t<\/div>\n\t\t\t\t<\/div>\n\t\t\t\t\t<\/div>\n\t\t\t\t<\/div>\n\t\t\t\t<\/div>\n\t\t\t\t<\/div>\n\t\t\t\t\t\t<\/div>\n\t\t\t\t<\/div>\n\t\t\t\t\t<\/div>\n\t\t\t\t<\/div>\n\t\t\t\t<\/div>\n\t\t","protected":false},"excerpt":{"rendered":"<p>Dieser Inhalt wird bald zur Verf\u00fcgung gestellt. In der Zwischenzeit k\u00f6nnen wir dir pers\u00f6nlich helfen.<\/p>","protected":false},"author":1,"featured_media":8104,"parent":0,"menu_order":0,"comment_status":"closed","ping_status":"closed","template":"","meta":{"footnotes":""},"class_list":["post-7346","page","type-page","status-publish","has-post-thumbnail","hentry"],"_links":{"self":[{"href":"https:\/\/connectivepartners.pro\/de\/wp-json\/wp\/v2\/pages\/7346","targetHints":{"allow":["GET"]}}],"collection":[{"href":"https:\/\/connectivepartners.pro\/de\/wp-json\/wp\/v2\/pages"}],"about":[{"href":"https:\/\/connectivepartners.pro\/de\/wp-json\/wp\/v2\/types\/page"}],"author":[{"embeddable":true,"href":"https:\/\/connectivepartners.pro\/de\/wp-json\/wp\/v2\/users\/1"}],"replies":[{"embeddable":true,"href":"https:\/\/connectivepartners.pro\/de\/wp-json\/wp\/v2\/comments?post=7346"}],"version-history":[{"count":0,"href":"https:\/\/connectivepartners.pro\/de\/wp-json\/wp\/v2\/pages\/7346\/revisions"}],"wp:featuredmedia":[{"embeddable":true,"href":"https:\/\/connectivepartners.pro\/de\/wp-json\/wp\/v2\/media\/8104"}],"wp:attachment":[{"href":"https:\/\/connectivepartners.pro\/de\/wp-json\/wp\/v2\/media?parent=7346"}],"curies":[{"name":"wp","href":"https:\/\/api.w.org\/{rel}","templated":true}]}}