{"id":14430,"date":"2023-05-08T17:03:38","date_gmt":"2023-05-08T15:03:38","guid":{"rendered":"https:\/\/connectivepartners.pro\/?page_id=14430"},"modified":"2023-05-09T14:31:46","modified_gmt":"2023-05-09T12:31:46","slug":"cookie-policy","status":"publish","type":"page","link":"https:\/\/connectivepartners.pro\/fr\/cookie-policy\/","title":{"rendered":"Politique en mati\u00e8re de cookies"},"content":{"rendered":"<div data-elementor-type=\"wp-page\" data-elementor-id=\"14430\" class=\"elementor elementor-14430\" data-elementor-post-type=\"page\">\n\t\t\t\t\t\t<section class=\"elementor-section elementor-top-section elementor-element elementor-element-8b45a96 elementor-section-boxed elementor-section-height-default elementor-section-height-default\" data-id=\"8b45a96\" data-element_type=\"section\" data-e-type=\"section\">\n\t\t\t\t\t\t<div class=\"elementor-container elementor-column-gap-default\">\n\t\t\t\t\t<div class=\"elementor-column elementor-col-100 elementor-top-column elementor-element elementor-element-1f2164ae\" data-id=\"1f2164ae\" data-element_type=\"column\" data-e-type=\"column\">\n\t\t\t<div class=\"elementor-widget-wrap elementor-element-populated\">\n\t\t\t\t\t\t<div class=\"elementor-element elementor-element-2a07db66 elementor-widget elementor-widget-text-editor\" data-id=\"2a07db66\" data-element_type=\"widget\" data-e-type=\"widget\" data-widget_type=\"text-editor.default\">\n\t\t\t\t<div class=\"elementor-widget-container\">\n\t\t\t\t\t\t\t\t\t\n<p><strong>Derni\u00e8re mise \u00e0 jour : 8 mai 2023<\/strong><\/p>\n\n\n\n<p>La pr\u00e9sente politique relative aux cookies explique comment Connective Partners B.V. (\" Soci\u00e9t\u00e9 \", \" nous \", \" notre \" ou \" nos \") utilise les cookies et les technologies similaires sur notre site Web et nos services associ\u00e9s (collectivement, les \" Services \"). En utilisant nos Services, tu reconnais et acceptes notre utilisation des cookies telle que d\u00e9crite dans cette politique.<\/p>\n\n\n\n<h2 class=\"wp-block-heading\">Qu'est-ce qu'un biscuit ?<\/h2>\n\n\n\n<p>Les cookies sont de petits fichiers texte qui sont stock\u00e9s sur ton ordinateur ou ton appareil mobile lorsque tu visites un site Web. Ils aident les sites Web \u00e0 se souvenir de tes pr\u00e9f\u00e9rences, de tes donn\u00e9es de connexion et d'autres informations afin d'am\u00e9liorer ton exp\u00e9rience de navigation et les fonctionnalit\u00e9s du site Web. Les cookies peuvent \u00eatre \"persistants\" (stock\u00e9s jusqu'\u00e0 ce qu'ils expirent ou soient supprim\u00e9s par l'utilisateur) ou \"de session\" (supprim\u00e9s lorsque le navigateur est ferm\u00e9).<\/p>\n\n\n\n<h2 class=\"wp-block-heading\">Comment nous utilisons les cookies<\/h2>\n\n\n\n<p>Nous utilisons des cookies \u00e0 diverses fins, notamment :<\/p>\n\n\n\n<ol class=\"wp-block-list\">\n<li>Cookies essentiels : Ces cookies sont n\u00e9cessaires au bon fonctionnement de nos Services et pour te permettre de naviguer et d'utiliser leurs fonctionnalit\u00e9s. Sans ces cookies, certaines parties de nos Services peuvent ne pas fonctionner correctement.<\/li>\n\n\n\n<li>Cookies de performance et d'analyse : Ces cookies nous aident \u00e0 comprendre comment les utilisateurs interagissent avec nos services en collectant et en communiquant des informations de mani\u00e8re anonyme. Nous pouvons utiliser des outils d'analyse tiers, tels que Google Analytics, pour recueillir ces informations.<\/li>\n\n\n\n<li>Cookies de fonctionnalit\u00e9 : Ces cookies permettent \u00e0 nos Services de se souvenir de tes pr\u00e9f\u00e9rences, comme tes param\u00e8tres de langue ou tes informations de connexion, afin de te proposer une exp\u00e9rience plus personnalis\u00e9e et plus pratique.<\/li>\n\n\n\n<li>Cookies publicitaires et de ciblage : Ces cookies sont utilis\u00e9s pour proposer des publicit\u00e9s pertinentes et adapt\u00e9es aux utilisateurs en fonction de leur comportement de navigation et de leurs centres d'int\u00e9r\u00eat. Ils peuvent \u00e9galement \u00eatre utilis\u00e9s pour limiter le nombre de fois o\u00f9 tu vois une publicit\u00e9 et mesurer l'efficacit\u00e9 des campagnes publicitaires.<\/li>\n<\/ol>\n\n\n\n<h2 class=\"wp-block-heading\">Cookies de tiers<\/h2>\n\n\n\n<p>En plus de nos propres cookies, nous pouvons \u00e9galement utiliser divers cookies de tiers pour \u00e9tablir des rapports sur les statistiques d'utilisation, diffuser des publicit\u00e9s et fournir des fonctionnalit\u00e9s suppl\u00e9mentaires. Nous n'avons aucun contr\u00f4le direct sur ces cookies tiers, et leur utilisation est r\u00e9gie par la politique de confidentialit\u00e9 et la politique en mati\u00e8re de cookies du tiers respectif.<\/p>\n\n\n\n<h2 class=\"wp-block-heading\">G\u00e9rer tes pr\u00e9f\u00e9rences en mati\u00e8re de cookies<\/h2>\n\n\n\n<p>Tu peux g\u00e9rer tes pr\u00e9f\u00e9rences en mati\u00e8re de cookies en ajustant les param\u00e8tres de ton navigateur. La plupart des navigateurs te permettent de bloquer ou de supprimer les cookies, mais cela peut avoir un impact sur ton exp\u00e9rience de navigation et sur la fonctionnalit\u00e9 de nos Services. Pour plus d'informations sur la fa\u00e7on de g\u00e9rer les cookies dans ton navigateur, consulte la documentation d'aide du navigateur concern\u00e9 ou visite . <a rel=\"noreferrer noopener\" href=\"http:\/\/www.aboutcookies.org\/\" target=\"_blank\">aboutcookies.org<\/a> pour des conseils g\u00e9n\u00e9raux.<\/p>\n\n\n\n<h2 class=\"wp-block-heading\">Modifications de la politique en mati\u00e8re de cookies<\/h2>\n\n\n\n<p>Nous pouvons mettre \u00e0 jour cette politique en mati\u00e8re de cookies de temps \u00e0 autre. Nous t'informerons de tout changement en affichant la nouvelle politique sur cette page. Ton utilisation continue des services apr\u00e8s la date d'entr\u00e9e en vigueur de la politique r\u00e9vis\u00e9e en mati\u00e8re de cookies constitue ton acceptation des changements.<\/p>\n\n\n\n<h2 class=\"wp-block-heading\">Contact avec nous<\/h2>\n\n\n\n<p>Si tu as des questions ou des pr\u00e9occupations au sujet de cette politique sur les cookies, contacte-nous \u00e0 l'adresse suivante . <a href=\"mailto:legal@connectivepartners.pro\">legal@connectivepartners.pro<\/a>.<\/p>\n\t\t\t\t\t\t\t\t<\/div>\n\t\t\t\t<\/div>\n\t\t\t\t\t<\/div>\n\t\t<\/div>\n\t\t\t\t\t<\/div>\n\t\t<\/section>\n\t\t<div class=\"elementor-element elementor-element-f280f6d e-flex e-con-boxed e-con e-parent\" data-id=\"f280f6d\" data-element_type=\"container\" data-e-type=\"container\">\n\t\t\t\t\t<div class=\"e-con-inner\">\n\t\t\t\t<div class=\"elementor-element elementor-element-e58af92 elementor-widget__width-inherit elementor-icon-list--layout-traditional elementor-list-item-link-full_width elementor-widget elementor-widget-global elementor-global-14466 elementor-widget-icon-list\" data-id=\"e58af92\" data-element_type=\"widget\" data-e-type=\"widget\" data-widget_type=\"icon-list.default\">\n\t\t\t\t<div class=\"elementor-widget-container\">\n\t\t\t\t\t\t\t<ul class=\"elementor-icon-list-items\">\n\t\t\t\t\t\t\t<li class=\"elementor-icon-list-item\">\n\t\t\t\t\t\t\t\t\t\t\t<a href=\"https:\/\/connectivepartners.pro\/fr\/cookie-policy\/\">\n\n\t\t\t\t\t\t\t\t\t\t\t\t<span class=\"elementor-icon-list-icon\">\n\t\t\t\t\t\t\t<svg aria-hidden=\"true\" class=\"e-font-icon-svg e-far-file-alt\" viewbox=\"0 0 384 512\" xmlns=\"http:\/\/www.w3.org\/2000\/svg\"><path d=\"M288 248v28c0 6.6-5.4 12-12 12H108c-6.6 0-12-5.4-12-12v-28c0-6.6 5.4-12 12-12h168c6.6 0 12 5.4 12 12zm-12 72H108c-6.6 0-12 5.4-12 12v28c0 6.6 5.4 12 12 12h168c6.6 0 12-5.4 12-12v-28c0-6.6-5.4-12-12-12zm108-188.1V464c0 26.5-21.5 48-48 48H48c-26.5 0-48-21.5-48-48V48C0 21.5 21.5 0 48 0h204.1C264.8 0 277 5.1 286 14.1L369.9 98c9 8.9 14.1 21.2 14.1 33.9zm-128-80V128h76.1L256 51.9zM336 464V176H232c-13.3 0-24-10.7-24-24V48H48v416h288z\"><\/path><\/svg>\t\t\t\t\t\t<\/span>\n\t\t\t\t\t\t\t\t\t\t<span class=\"elementor-icon-list-text\">Lire notre politique en mati\u00e8re de cookies<\/span>\n\t\t\t\t\t\t\t\t\t\t\t<\/a>\n\t\t\t\t\t\t\t\t\t<\/li>\n\t\t\t\t\t\t\t\t<li class=\"elementor-icon-list-item\">\n\t\t\t\t\t\t\t\t\t\t\t<a href=\"https:\/\/connectivepartners.pro\/fr\/privacy-policy\/\">\n\n\t\t\t\t\t\t\t\t\t\t\t\t<span class=\"elementor-icon-list-icon\">\n\t\t\t\t\t\t\t<svg aria-hidden=\"true\" class=\"e-font-icon-svg e-far-file-alt\" viewbox=\"0 0 384 512\" xmlns=\"http:\/\/www.w3.org\/2000\/svg\"><path d=\"M288 248v28c0 6.6-5.4 12-12 12H108c-6.6 0-12-5.4-12-12v-28c0-6.6 5.4-12 12-12h168c6.6 0 12 5.4 12 12zm-12 72H108c-6.6 0-12 5.4-12 12v28c0 6.6 5.4 12 12 12h168c6.6 0 12-5.4 12-12v-28c0-6.6-5.4-12-12-12zm108-188.1V464c0 26.5-21.5 48-48 48H48c-26.5 0-48-21.5-48-48V48C0 21.5 21.5 0 48 0h204.1C264.8 0 277 5.1 286 14.1L369.9 98c9 8.9 14.1 21.2 14.1 33.9zm-128-80V128h76.1L256 51.9zM336 464V176H232c-13.3 0-24-10.7-24-24V48H48v416h288z\"><\/path><\/svg>\t\t\t\t\t\t<\/span>\n\t\t\t\t\t\t\t\t\t\t<span class=\"elementor-icon-list-text\">Lire notre politique de confidentialit\u00e9<\/span>\n\t\t\t\t\t\t\t\t\t\t\t<\/a>\n\t\t\t\t\t\t\t\t\t<\/li>\n\t\t\t\t\t\t\t\t<li class=\"elementor-icon-list-item\">\n\t\t\t\t\t\t\t\t\t\t\t<a href=\"https:\/\/connectivepartners.pro\/fr\/terms-and-conditions\/\">\n\n\t\t\t\t\t\t\t\t\t\t\t\t<span class=\"elementor-icon-list-icon\">\n\t\t\t\t\t\t\t<svg aria-hidden=\"true\" class=\"e-font-icon-svg e-far-file-alt\" viewbox=\"0 0 384 512\" xmlns=\"http:\/\/www.w3.org\/2000\/svg\"><path d=\"M288 248v28c0 6.6-5.4 12-12 12H108c-6.6 0-12-5.4-12-12v-28c0-6.6 5.4-12 12-12h168c6.6 0 12 5.4 12 12zm-12 72H108c-6.6 0-12 5.4-12 12v28c0 6.6 5.4 12 12 12h168c6.6 0 12-5.4 12-12v-28c0-6.6-5.4-12-12-12zm108-188.1V464c0 26.5-21.5 48-48 48H48c-26.5 0-48-21.5-48-48V48C0 21.5 21.5 0 48 0h204.1C264.8 0 277 5.1 286 14.1L369.9 98c9 8.9 14.1 21.2 14.1 33.9zm-128-80V128h76.1L256 51.9zM336 464V176H232c-13.3 0-24-10.7-24-24V48H48v416h288z\"><\/path><\/svg>\t\t\t\t\t\t<\/span>\n\t\t\t\t\t\t\t\t\t\t<span class=\"elementor-icon-list-text\">Lire nos conditions g\u00e9n\u00e9rales<\/span>\n\t\t\t\t\t\t\t\t\t\t\t<\/a>\n\t\t\t\t\t\t\t\t\t<\/li>\n\t\t\t\t\t\t\t\t<li class=\"elementor-icon-list-item\">\n\t\t\t\t\t\t\t\t\t\t\t<a href=\"mailto:legal@connectivepartners.pro\">\n\n\t\t\t\t\t\t\t\t\t\t\t\t<span class=\"elementor-icon-list-icon\">\n\t\t\t\t\t\t\t<svg aria-hidden=\"true\" class=\"e-font-icon-svg e-fas-at\" viewbox=\"0 0 512 512\" xmlns=\"http:\/\/www.w3.org\/2000\/svg\"><path d=\"M256 8C118.941 8 8 118.919 8 256c0 137.059 110.919 248 248 248 48.154 0 95.342-14.14 135.408-40.223 12.005-7.815 14.625-24.288 5.552-35.372l-10.177-12.433c-7.671-9.371-21.179-11.667-31.373-5.129C325.92 429.757 291.314 440 256 440c-101.458 0-184-82.542-184-184S154.542 72 256 72c100.139 0 184 57.619 184 160 0 38.786-21.093 79.742-58.17 83.693-17.349-.454-16.91-12.857-13.476-30.024l23.433-121.11C394.653 149.75 383.308 136 368.225 136h-44.981a13.518 13.518 0 0 0-13.432 11.993l-.01.092c-14.697-17.901-40.448-21.775-59.971-21.775-74.58 0-137.831 62.234-137.831 151.46 0 65.303 36.785 105.87 96 105.87 26.984 0 57.369-15.637 74.991-38.333 9.522 34.104 40.613 34.103 70.71 34.103C462.609 379.41 504 307.798 504 232 504 95.653 394.023 8 256 8zm-21.68 304.43c-22.249 0-36.07-15.623-36.07-40.771 0-44.993 30.779-72.729 58.63-72.729 22.292 0 35.601 15.241 35.601 40.77 0 45.061-33.875 72.73-58.161 72.73z\"><\/path><\/svg>\t\t\t\t\t\t<\/span>\n\t\t\t\t\t\t\t\t\t\t<span class=\"elementor-icon-list-text\">Courriel Service juridique<\/span>\n\t\t\t\t\t\t\t\t\t\t\t<\/a>\n\t\t\t\t\t\t\t\t\t<\/li>\n\t\t\t\t\t\t<\/ul>\n\t\t\t\t\t\t<\/div>\n\t\t\t\t<\/div>\n\t\t\t\t\t<\/div>\n\t\t\t\t<\/div>\n\t\t\t\t<\/div>","protected":false},"excerpt":{"rendered":"<p>Last Updated: May 8, 2023 This Cookie Policy explains how Connective Partners B.V. (&#8220;Company&#8221;, &#8220;we&#8221;, &#8220;us&#8221;, or &#8220;our&#8221;) uses cookies and similar technologies on our website and associated services (collectively, the &#8220;Services&#8221;). By using our Services, you acknowledge and agree to our use of cookies as described in this policy. What are cookies? Cookies are [&hellip;]<\/p>\n","protected":false},"author":1,"featured_media":14439,"parent":0,"menu_order":0,"comment_status":"closed","ping_status":"closed","template":"","meta":{"footnotes":""},"class_list":["post-14430","page","type-page","status-publish","has-post-thumbnail","hentry"],"_links":{"self":[{"href":"https:\/\/connectivepartners.pro\/fr\/wp-json\/wp\/v2\/pages\/14430","targetHints":{"allow":["GET"]}}],"collection":[{"href":"https:\/\/connectivepartners.pro\/fr\/wp-json\/wp\/v2\/pages"}],"about":[{"href":"https:\/\/connectivepartners.pro\/fr\/wp-json\/wp\/v2\/types\/page"}],"author":[{"embeddable":true,"href":"https:\/\/connectivepartners.pro\/fr\/wp-json\/wp\/v2\/users\/1"}],"replies":[{"embeddable":true,"href":"https:\/\/connectivepartners.pro\/fr\/wp-json\/wp\/v2\/comments?post=14430"}],"version-history":[{"count":0,"href":"https:\/\/connectivepartners.pro\/fr\/wp-json\/wp\/v2\/pages\/14430\/revisions"}],"wp:featuredmedia":[{"embeddable":true,"href":"https:\/\/connectivepartners.pro\/fr\/wp-json\/wp\/v2\/media\/14439"}],"wp:attachment":[{"href":"https:\/\/connectivepartners.pro\/fr\/wp-json\/wp\/v2\/media?parent=14430"}],"curies":[{"name":"wp","href":"https:\/\/api.w.org\/{rel}","templated":true}]}}