{"id":17305,"date":"2026-02-02T19:24:56","date_gmt":"2026-02-02T18:24:56","guid":{"rendered":"https:\/\/connectivepartners.pro\/?page_id=17305"},"modified":"2026-03-05T12:35:06","modified_gmt":"2026-03-05T11:35:06","slug":"blog","status":"publish","type":"page","link":"https:\/\/connectivepartners.pro\/fr\/blog\/","title":{"rendered":"Blog sur le leadership connectif"},"content":{"rendered":"<div data-elementor-type=\"wp-page\" data-elementor-id=\"17305\" class=\"elementor elementor-17305\" data-elementor-post-type=\"page\">\n\t\t\t\t<div class=\"elementor-element elementor-element-69e682a e-flex e-con-boxed e-con e-parent\" data-id=\"69e682a\" data-element_type=\"container\" data-e-type=\"container\">\n\t\t\t\t\t<div class=\"e-con-inner\">\n\t\t\t\t<div class=\"elementor-element elementor-element-acf7da9 elementor-widget elementor-widget-heading\" data-id=\"acf7da9\" data-element_type=\"widget\" data-e-type=\"widget\" data-widget_type=\"heading.default\">\n\t\t\t\t<div class=\"elementor-widget-container\">\n\t\t\t\t\t<h2 class=\"elementor-heading-title elementor-size-default\">Aper\u00e7u du blog<\/h2>\t\t\t\t<\/div>\n\t\t\t\t<\/div>\n\t\t\t\t<div class=\"elementor-element elementor-element-cfdb132 elementor-widget elementor-widget-text-editor\" data-id=\"cfdb132\" data-element_type=\"widget\" data-e-type=\"widget\" data-widget_type=\"text-editor.default\">\n\t\t\t\t<div class=\"elementor-widget-container\">\n\t\t\t\t\t\t\t\t\t<p>D\u00e9couvre une sagesse pratique et des techniques \u00e9prouv\u00e9es pour transformer tes \u00e9quipes et tes organisations. Notre blog partage des articles, des vid\u00e9os et des outils bas\u00e9s sur l'exp\u00e9rience sur le leadership connectif, les r\u00e9trospectives, la cartographie narrative, et plus encore... en aidant les professionnels \u00e0 remettre en question les mod\u00e8les mentaux et \u00e0 favoriser l'appropriation.<\/p>\t\t\t\t\t\t\t\t<\/div>\n\t\t\t\t<\/div>\n\t\t\t\t<div class=\"elementor-element elementor-element-ecc1508 elementor-grid-3 elementor-grid-tablet-2 elementor-grid-mobile-1 elementor-posts--thumbnail-top elementor-card-shadow-yes elementor-posts__hover-gradient elementor-widget elementor-widget-posts\" data-id=\"ecc1508\" data-element_type=\"widget\" data-e-type=\"widget\" data-settings=\"{&quot;pagination_type&quot;:&quot;load_more_infinite_scroll&quot;,&quot;cards_columns&quot;:&quot;3&quot;,&quot;cards_columns_tablet&quot;:&quot;2&quot;,&quot;cards_columns_mobile&quot;:&quot;1&quot;,&quot;cards_row_gap&quot;:{&quot;unit&quot;:&quot;px&quot;,&quot;size&quot;:35,&quot;sizes&quot;:[]},&quot;cards_row_gap_tablet&quot;:{&quot;unit&quot;:&quot;px&quot;,&quot;size&quot;:&quot;&quot;,&quot;sizes&quot;:[]},&quot;cards_row_gap_mobile&quot;:{&quot;unit&quot;:&quot;px&quot;,&quot;size&quot;:&quot;&quot;,&quot;sizes&quot;:[]},&quot;load_more_spinner&quot;:{&quot;value&quot;:&quot;fas fa-spinner&quot;,&quot;library&quot;:&quot;fa-solid&quot;}}\" data-widget_type=\"posts.cards\">\n\t\t\t\t<div class=\"elementor-widget-container\">\n\t\t\t\t\t\t\t<div class=\"elementor-posts-container elementor-posts elementor-posts--skin-cards elementor-grid\" role=\"list\">\n\t\t\t\t<article class=\"elementor-post elementor-grid-item post-17753 post type-post status-publish format-standard has-post-thumbnail hentry category-blog\" role=\"listitem\">\n\t\t\t<div class=\"elementor-post__card\">\n\t\t\t\t<a class=\"elementor-post__thumbnail__link\" href=\"https:\/\/connectivepartners.pro\/fr\/the-boomerang-problem-why-we-keep-running-into-the-same-proble\/\" tabindex=\"-1\" ><div class=\"elementor-post__thumbnail\"><img fetchpriority=\"high\" decoding=\"async\" width=\"1918\" height=\"1280\" src=\"https:\/\/connectivepartners.pro\/wp-content\/uploads\/2022\/08\/happy-successful-business-team-giving-a-high-fives-gesture-as-they-laugh-and-cheer-their-success.jpg\" class=\"attachment-medium size-medium wp-image-11811\" alt=\"Happy successful business team giving a high fives gesture as they laugh and cheer their success\" srcset=\"https:\/\/connectivepartners.pro\/wp-content\/uploads\/2022\/08\/happy-successful-business-team-giving-a-high-fives-gesture-as-they-laugh-and-cheer-their-success.jpg 1918w, https:\/\/connectivepartners.pro\/wp-content\/uploads\/2022\/08\/happy-successful-business-team-giving-a-high-fives-gesture-as-they-laugh-and-cheer-their-success-768x513.jpg 768w, https:\/\/connectivepartners.pro\/wp-content\/uploads\/2022\/08\/happy-successful-business-team-giving-a-high-fives-gesture-as-they-laugh-and-cheer-their-success-1536x1025.jpg 1536w, https:\/\/connectivepartners.pro\/wp-content\/uploads\/2022\/08\/happy-successful-business-team-giving-a-high-fives-gesture-as-they-laugh-and-cheer-their-success-18x12.jpg 18w\" sizes=\"(max-width: 1918px) 100vw, 1918px\" \/><\/div><\/a>\n\t\t\t\t<div class=\"elementor-post__text\">\n\t\t\t\t<h3 class=\"elementor-post__title\">\n\t\t\t<a href=\"https:\/\/connectivepartners.pro\/fr\/the-boomerang-problem-why-we-keep-running-into-the-same-proble\/\" >\n\t\t\t\tLe probl\u00e8me du boomerang\t\t\t<\/a>\n\t\t<\/h3>\n\t\t\t\t<div class=\"elementor-post__excerpt\">\n\t\t\t<p>Pourquoi rencontrons-nous toujours les m\u00eames probl\u00e8mes ? Nous sommes mardi, il est 14 heures. Marianne est assise avec son \u00e9quipe de direction pour la \u00e9ni\u00e8me fois.<\/p>\n\t\t<\/div>\n\t\t\t\t\t<div class=\"elementor-post__read-more-wrapper\">\n\t\t\n\t\t<a class=\"elementor-post__read-more\" href=\"https:\/\/connectivepartners.pro\/fr\/the-boomerang-problem-why-we-keep-running-into-the-same-proble\/\" aria-label=\"Read more about The Boomerang Problem\" tabindex=\"-1\" >\n\t\t\tLire plus \"\t\t<\/a>\n\n\t\t\t\t\t<\/div>\n\t\t\t\t<\/div>\n\t\t\t\t\t<\/div>\n\t\t<\/article>\n\t\t\t\t<article class=\"elementor-post elementor-grid-item post-17646 post type-post status-publish format-standard has-post-thumbnail hentry category-blog\" role=\"listitem\">\n\t\t\t<div class=\"elementor-post__card\">\n\t\t\t\t<a class=\"elementor-post__thumbnail__link\" href=\"https:\/\/connectivepartners.pro\/fr\/when-priorities-clash\/\" tabindex=\"-1\" ><div class=\"elementor-post__thumbnail\"><img decoding=\"async\" width=\"2000\" height=\"1383\" src=\"https:\/\/connectivepartners.pro\/wp-content\/uploads\/2021\/09\/old-fashioned-compass.jpg\" class=\"attachment-medium size-medium wp-image-8407\" alt=\"Old-fashioned compass\" srcset=\"https:\/\/connectivepartners.pro\/wp-content\/uploads\/2021\/09\/old-fashioned-compass.jpg 2000w, https:\/\/connectivepartners.pro\/wp-content\/uploads\/2021\/09\/old-fashioned-compass-768x531.jpg 768w, https:\/\/connectivepartners.pro\/wp-content\/uploads\/2021\/09\/old-fashioned-compass-1536x1062.jpg 1536w\" sizes=\"(max-width: 2000px) 100vw, 2000px\" \/><\/div><\/a>\n\t\t\t\t<div class=\"elementor-post__text\">\n\t\t\t\t<h3 class=\"elementor-post__title\">\n\t\t\t<a href=\"https:\/\/connectivepartners.pro\/fr\/when-priorities-clash\/\" >\n\t\t\t\tQuand les priorit\u00e9s s'entrechoquent\t\t\t<\/a>\n\t\t<\/h3>\n\t\t\t\t<div class=\"elementor-post__excerpt\">\n\t\t\t<p>Trouve la boussole de la valeur client Les discussions internes se multiplient. Non pas parce que les gens ne veulent pas travailler ensemble, mais parce que tout le monde a une<\/p>\n\t\t<\/div>\n\t\t\t\t\t<div class=\"elementor-post__read-more-wrapper\">\n\t\t\n\t\t<a class=\"elementor-post__read-more\" href=\"https:\/\/connectivepartners.pro\/fr\/when-priorities-clash\/\" aria-label=\"Read more about When priorities clash\" tabindex=\"-1\" >\n\t\t\tLire plus \"\t\t<\/a>\n\n\t\t\t\t\t<\/div>\n\t\t\t\t<\/div>\n\t\t\t\t\t<\/div>\n\t\t<\/article>\n\t\t\t\t<article class=\"elementor-post elementor-grid-item post-17520 post type-post status-publish format-standard has-post-thumbnail hentry category-blog\" role=\"listitem\">\n\t\t\t<div class=\"elementor-post__card\">\n\t\t\t\t<a class=\"elementor-post__thumbnail__link\" href=\"https:\/\/connectivepartners.pro\/fr\/faster-response\/\" tabindex=\"-1\" ><div class=\"elementor-post__thumbnail\"><img decoding=\"async\" width=\"1200\" height=\"900\" src=\"https:\/\/connectivepartners.pro\/wp-content\/uploads\/2022\/10\/Moving-Motivators-2022-10.jpg\" class=\"attachment-medium size-medium wp-image-12568\" alt=\"\" srcset=\"https:\/\/connectivepartners.pro\/wp-content\/uploads\/2022\/10\/Moving-Motivators-2022-10.jpg 1200w, https:\/\/connectivepartners.pro\/wp-content\/uploads\/2022\/10\/Moving-Motivators-2022-10-768x576.jpg 768w, https:\/\/connectivepartners.pro\/wp-content\/uploads\/2022\/10\/Moving-Motivators-2022-10-16x12.jpg 16w\" sizes=\"(max-width: 1200px) 100vw, 1200px\" \/><\/div><\/a>\n\t\t\t\t<div class=\"elementor-post__text\">\n\t\t\t\t<h3 class=\"elementor-post__title\">\n\t\t\t<a href=\"https:\/\/connectivepartners.pro\/fr\/faster-response\/\" >\n\t\t\t\tDu fait d'entendre toujours les m\u00eames voix \u00e0 une v\u00e9ritable collaboration\t\t\t<\/a>\n\t\t<\/h3>\n\t\t\t\t<div class=\"elementor-post__excerpt\">\n\t\t\t<p>Il y a un moment dans presque toutes les r\u00e9unions o\u00f9 la direction change. Pas de fa\u00e7on spectaculaire. Pas de fa\u00e7on visible. Mais de fa\u00e7on tangible. Le moment o\u00f9 un participant<\/p>\n\t\t<\/div>\n\t\t\t\t\t<div class=\"elementor-post__read-more-wrapper\">\n\t\t\n\t\t<a class=\"elementor-post__read-more\" href=\"https:\/\/connectivepartners.pro\/fr\/faster-response\/\" aria-label=\"Read more about From always hearing the same voices to real collaboration\" tabindex=\"-1\" >\n\t\t\tLire plus \"\t\t<\/a>\n\n\t\t\t\t\t<\/div>\n\t\t\t\t<\/div>\n\t\t\t\t\t<\/div>\n\t\t<\/article>\n\t\t\t\t<\/div>\n\t\t\t\t\t<span class=\"e-load-more-spinner\">\n\t\t\t\t<svg aria-hidden=\"true\" class=\"e-font-icon-svg e-fas-spinner\" viewbox=\"0 0 512 512\" xmlns=\"http:\/\/www.w3.org\/2000\/svg\"><path d=\"M304 48c0 26.51-21.49 48-48 48s-48-21.49-48-48 21.49-48 48-48 48 21.49 48 48zm-48 368c-26.51 0-48 21.49-48 48s21.49 48 48 48 48-21.49 48-48-21.49-48-48-48zm208-208c-26.51 0-48 21.49-48 48s21.49 48 48 48 48-21.49 48-48-21.49-48-48-48zM96 256c0-26.51-21.49-48-48-48S0 229.49 0 256s21.49 48 48 48 48-21.49 48-48zm12.922 99.078c-26.51 0-48 21.49-48 48s21.49 48 48 48 48-21.49 48-48c0-26.509-21.491-48-48-48zm294.156 0c-26.51 0-48 21.49-48 48s21.49 48 48 48 48-21.49 48-48c0-26.509-21.49-48-48-48zM108.922 60.922c-26.51 0-48 21.49-48 48s21.49 48 48 48 48-21.49 48-48-21.491-48-48-48z\"><\/path><\/svg>\t\t\t<\/span>\n\t\t\n\t\t\t\t<div class=\"e-load-more-anchor\" data-page=\"1\" data-max-page=\"4\" data-next-page=\"https:\/\/connectivepartners.pro\/fr\/wp-json\/wp\/v2\/pages\/17305\/page\/2\/\"><\/div>\n\t\t\t\t<div class=\"e-load-more-message\"><\/div>\n\t\t\t\t\t\t<\/div>\n\t\t\t\t<\/div>\n\t\t\t\t\t<\/div>\n\t\t\t\t<\/div>\n\t\t<div class=\"elementor-element elementor-element-8c8313e e-flex e-con-boxed e-con e-parent\" data-id=\"8c8313e\" data-element_type=\"container\" data-e-type=\"container\">\n\t\t\t\t\t<div class=\"e-con-inner\">\n\t\t\t\t<div class=\"elementor-element elementor-element-99ffa61 elementor-widget__width-inherit elementor-widget-tablet__width-inherit elementor-widget elementor-widget-heading\" data-id=\"99ffa61\" data-element_type=\"widget\" data-e-type=\"widget\" data-widget_type=\"heading.default\">\n\t\t\t\t<div class=\"elementor-widget-container\">\n\t\t\t\t\t<h2 class=\"elementor-heading-title elementor-size-default\">Garde une longueur d'avance : re\u00e7ois les derniers articles dans ta bo\u00eete de r\u00e9ception<\/h2>\t\t\t\t<\/div>\n\t\t\t\t<\/div>\n\t\t\t\t<div class=\"elementor-element elementor-element-07520fa elementor-widget__width-initial elementor-widget-tablet__width-inherit elementor-widget elementor-widget-text-editor\" data-id=\"07520fa\" data-element_type=\"widget\" data-e-type=\"widget\" data-widget_type=\"text-editor.default\">\n\t\t\t\t<div class=\"elementor-widget-container\">\n\t\t\t\t\t\t\t\t\t<p><b>V\u00e9rifie le petit formulaire dans notre pied de page<\/b><\/p>\n<p>Ne manque jamais les id\u00e9es les plus pertinentes de notre blog ! Inscris-toi \u00e0 notre bulletin d'information cibl\u00e9 et re\u00e7ois les quelques derniers articles directement dans ta bo\u00eete de r\u00e9ception.<\/p>\n<p><b><br><\/b><\/p>\n<p><b>Pas de bruit, c'est promis<\/b><\/p>\n<p>Nous coupons \u00e0 travers le bruit avec un contenu pratique et ax\u00e9 sur l'exp\u00e9rience sur la direction d'\u00e9quipe, les techniques agiles et la croissance organisationnelle, livr\u00e9 avec parcimonie pour respecter ton temps.<\/p>\n<p><b><br><\/b><\/p>\n<p><b>Inscris-toi maintenant<\/b><\/p>\n<p>Et alimente ton avantage professionnel avec des conseils judicieux que tu peux appliquer imm\u00e9diatement au travail et \u00e0 la vie.<\/p>\t\t\t\t\t\t\t\t<\/div>\n\t\t\t\t<\/div>\n\t\t\t\t<div class=\"elementor-element elementor-element-80f1f69 elementor-widget__width-initial elementor-widget-tablet__width-inherit elementor-widget elementor-widget-image\" data-id=\"80f1f69\" data-element_type=\"widget\" data-e-type=\"widget\" data-widget_type=\"image.default\">\n\t\t\t\t<div class=\"elementor-widget-container\">\n\t\t\t\t\t\t\t\t\t\t\t\t\t\t\t<img loading=\"lazy\" decoding=\"async\" width=\"1248\" height=\"832\" src=\"https:\/\/connectivepartners.pro\/wp-content\/uploads\/2026\/02\/CS-Subscribe-to-our-newsletter.jpeg\" class=\"attachment-full size-full wp-image-17348\" alt=\"\" srcset=\"https:\/\/connectivepartners.pro\/wp-content\/uploads\/2026\/02\/CS-Subscribe-to-our-newsletter.jpeg 1248w, https:\/\/connectivepartners.pro\/wp-content\/uploads\/2026\/02\/CS-Subscribe-to-our-newsletter-768x512.jpeg 768w, https:\/\/connectivepartners.pro\/wp-content\/uploads\/2026\/02\/CS-Subscribe-to-our-newsletter-18x12.jpeg 18w\" sizes=\"(max-width: 1248px) 100vw, 1248px\" \/>\t\t\t\t\t\t\t\t\t\t\t\t\t\t\t<\/div>\n\t\t\t\t<\/div>\n\t\t\t\t\t<\/div>\n\t\t\t\t<\/div>\n\t\t\t\t<\/div>","protected":false},"excerpt":{"rendered":"<p>Blog overview Discover practical wisdom and proven techniques to transform your teams and organizations. Our blog shares experience-based articles, videos, and tools on connective leadership, retrospectives, story mapping, and more.. helping professionals challenge mental models and foster ownership. Stay Ahead: Get the latest Articles in Your Inbox Check the tiny form in our footer Never [&hellip;]<\/p>\n","protected":false},"author":1,"featured_media":16490,"parent":0,"menu_order":0,"comment_status":"closed","ping_status":"closed","template":"","meta":{"footnotes":""},"class_list":["post-17305","page","type-page","status-publish","has-post-thumbnail","hentry"],"_links":{"self":[{"href":"https:\/\/connectivepartners.pro\/fr\/wp-json\/wp\/v2\/pages\/17305","targetHints":{"allow":["GET"]}}],"collection":[{"href":"https:\/\/connectivepartners.pro\/fr\/wp-json\/wp\/v2\/pages"}],"about":[{"href":"https:\/\/connectivepartners.pro\/fr\/wp-json\/wp\/v2\/types\/page"}],"author":[{"embeddable":true,"href":"https:\/\/connectivepartners.pro\/fr\/wp-json\/wp\/v2\/users\/1"}],"replies":[{"embeddable":true,"href":"https:\/\/connectivepartners.pro\/fr\/wp-json\/wp\/v2\/comments?post=17305"}],"version-history":[{"count":5,"href":"https:\/\/connectivepartners.pro\/fr\/wp-json\/wp\/v2\/pages\/17305\/revisions"}],"predecessor-version":[{"id":17851,"href":"https:\/\/connectivepartners.pro\/fr\/wp-json\/wp\/v2\/pages\/17305\/revisions\/17851"}],"wp:featuredmedia":[{"embeddable":true,"href":"https:\/\/connectivepartners.pro\/fr\/wp-json\/wp\/v2\/media\/16490"}],"wp:attachment":[{"href":"https:\/\/connectivepartners.pro\/fr\/wp-json\/wp\/v2\/media?parent=17305"}],"curies":[{"name":"wp","href":"https:\/\/api.w.org\/{rel}","templated":true}]}}